{"id":260898,"date":"2025-01-02T09:35:14","date_gmt":"2025-01-02T09:35:14","guid":{"rendered":"http:\/\/elmek.dk\/?page_id=260898"},"modified":"2025-01-02T09:50:44","modified_gmt":"2025-01-02T09:50:44","slug":"firmaets-historie","status":"publish","type":"page","link":"https:\/\/elmek.dk\/?page_id=260898","title":{"rendered":"Firmaets historie"},"content":{"rendered":"<p>[et_pb_section fb_built=&#8221;1&#8243; _builder_version=&#8221;4.27.4&#8243; _module_preset=&#8221;default&#8221; global_colors_info=&#8221;{}&#8221; theme_builder_area=&#8221;post_content&#8221;][et_pb_row _builder_version=&#8221;4.27.4&#8243; _module_preset=&#8221;default&#8221; global_colors_info=&#8221;{}&#8221; theme_builder_area=&#8221;post_content&#8221;][et_pb_column type=&#8221;4_4&#8243; _builder_version=&#8221;4.27.4&#8243; _module_preset=&#8221;default&#8221; global_colors_info=&#8221;{}&#8221; theme_builder_area=&#8221;post_content&#8221;][et_pb_text _builder_version=&#8221;4.27.4&#8243; _module_preset=&#8221;default&#8221; theme_builder_area=&#8221;post_content&#8221; hover_enabled=&#8221;0&#8243; sticky_enabled=&#8221;0&#8243;]<\/p>\n<h2 style=\"text-align: center;\">Historie<\/h2>\n<p>[\/et_pb_text][et_pb_text _builder_version=&#8221;4.27.4&#8243; _module_preset=&#8221;default&#8221; hover_enabled=&#8221;0&#8243; global_colors_info=&#8221;{}&#8221; theme_builder_area=&#8221;post_content&#8221; sticky_enabled=&#8221;0&#8243;]<\/p>\n<p><strong>Det startede med DGT, Dansk Gartneri Teknik og elmoterer.<\/strong><\/p>\n<p>I 1979 flyttede virksomheden til Bondovej, fordi kundernes \u00f8gede forventning til kvalitet og service til enhver tid skulle kunne indfries. Samtidig specialiserede virksomheden sig i installation af klimaanl\u00e6g i biler og kontorlokaler.<\/p>\n<p>I dag er virksomhedens adresse Brylle Industrivej 3, Brylle 5690 Tommerup.<br \/><img loading=\"lazy\" decoding=\"async\" src=\"https:\/\/elmek.dk\/wp-content\/uploads\/2025\/01\/Firmaets-historie.png\" width=\"249\" height=\"182\" alt=\"\" class=\"wp-image-260910 alignnone size-full\" style=\"float: right;\" \/><\/p>\n<p><strong>H\u00f8jteknologisk gartneriteknik<\/strong><\/p>\n<p>I starten af 90&#8217;erne udviklede virksomehden klimacomputere til gartnerier.<\/p>\n<p>Elmek har lige siden fulgt den teknologiske udvikling og kan i dag p\u00e5tage sig meget kr\u00e6vende opgaver p\u00e5 omr\u00e5det.<\/p>\n<ul>\n<li>Alle typer installationer<\/li>\n<li>Ombytningsprogram af DGT-varmeventiler<\/li>\n<li>Komplet lager af sliddele til gartneriautomatik m.m.<\/li>\n<li>Ombytningsprogram af DGT-varmeventiler<\/li>\n<li>Pumper<\/li>\n<\/ul>\n<p><strong>Elmotorer<\/strong><\/p>\n<ul>\n<li>Forhandling og komplet lager af Lenze-motorer<\/li>\n<li>Renovering og omvikling af alle typer el-motorer<\/li>\n<li>Udskiftning af lejer m.m.<\/li>\n<\/ul>\n<p>Elmek er aldrig for lille til st\u00f8rre opgaver og aldrig for stor til mindre opgaver.<\/p>\n<p>Kontakt Elmek og oplev selv, hvordan faglig ekspertise og god gammeldags indstilling til service fungerer i praksis.<\/p>\n<p>[\/et_pb_text][\/et_pb_column][\/et_pb_row][\/et_pb_section]<\/p>\n","protected":false},"excerpt":{"rendered":"<p>HistorieDet startede med DGT, Dansk Gartneri Teknik og elmoterer. I 1979 flyttede virksomheden til Bondovej, fordi kundernes \u00f8gede forventning til kvalitet og service til enhver tid skulle kunne indfries. Samtidig specialiserede virksomheden sig i installation af klimaanl\u00e6g i biler og kontorlokaler. I dag er virksomhedens adresse Brylle Industrivej 3, Brylle 5690 Tommerup. H\u00f8jteknologisk gartneriteknik I [&hellip;]<\/p>\n","protected":false},"author":1,"featured_media":0,"parent":0,"menu_order":0,"comment_status":"closed","ping_status":"closed","template":"","meta":{"_et_pb_use_builder":"on","_et_pb_old_content":"","_et_gb_content_width":"","footnotes":""},"class_list":["post-260898","page","type-page","status-publish","hentry"],"_links":{"self":[{"href":"https:\/\/elmek.dk\/index.php?rest_route=\/wp\/v2\/pages\/260898","targetHints":{"allow":["GET"]}}],"collection":[{"href":"https:\/\/elmek.dk\/index.php?rest_route=\/wp\/v2\/pages"}],"about":[{"href":"https:\/\/elmek.dk\/index.php?rest_route=\/wp\/v2\/types\/page"}],"author":[{"embeddable":true,"href":"https:\/\/elmek.dk\/index.php?rest_route=\/wp\/v2\/users\/1"}],"replies":[{"embeddable":true,"href":"https:\/\/elmek.dk\/index.php?rest_route=%2Fwp%2Fv2%2Fcomments&post=260898"}],"version-history":[{"count":3,"href":"https:\/\/elmek.dk\/index.php?rest_route=\/wp\/v2\/pages\/260898\/revisions"}],"predecessor-version":[{"id":260911,"href":"https:\/\/elmek.dk\/index.php?rest_route=\/wp\/v2\/pages\/260898\/revisions\/260911"}],"wp:attachment":[{"href":"https:\/\/elmek.dk\/index.php?rest_route=%2Fwp%2Fv2%2Fmedia&parent=260898"}],"curies":[{"name":"wp","href":"https:\/\/api.w.org\/{rel}","templated":true}]}}