{"id":260912,"date":"2025-01-02T09:57:22","date_gmt":"2025-01-02T09:57:22","guid":{"rendered":"http:\/\/elmek.dk\/?page_id=260912"},"modified":"2025-01-02T09:59:00","modified_gmt":"2025-01-02T09:59:00","slug":"gartneri-service","status":"publish","type":"page","link":"https:\/\/elmek.dk\/?page_id=260912","title":{"rendered":"Gartneri service"},"content":{"rendered":"<p>[et_pb_section fb_built=&#8221;1&#8243; theme_builder_area=&#8221;post_content&#8221; _builder_version=&#8221;4.27.4&#8243; _module_preset=&#8221;default&#8221;][et_pb_row _builder_version=&#8221;4.27.4&#8243; _module_preset=&#8221;default&#8221; theme_builder_area=&#8221;post_content&#8221;][et_pb_column _builder_version=&#8221;4.27.4&#8243; _module_preset=&#8221;default&#8221; type=&#8221;4_4&#8243; theme_builder_area=&#8221;post_content&#8221;][et_pb_text _builder_version=&#8221;4.27.4&#8243; _module_preset=&#8221;default&#8221; theme_builder_area=&#8221;post_content&#8221; hover_enabled=&#8221;0&#8243; sticky_enabled=&#8221;0&#8243;]<\/p>\n<h2 style=\"text-align: center;\">Virksomhedsprofil<\/h2>\n<p>[\/et_pb_text][\/et_pb_column][\/et_pb_row][et_pb_row _builder_version=&#8221;4.27.4&#8243; _module_preset=&#8221;default&#8221; theme_builder_area=&#8221;post_content&#8221; column_structure=&#8221;3_4,1_4&#8243;][et_pb_column _builder_version=&#8221;4.27.4&#8243; _module_preset=&#8221;default&#8221; type=&#8221;3_4&#8243; theme_builder_area=&#8221;post_content&#8221;][et_pb_text _builder_version=&#8221;4.27.4&#8243; _module_preset=&#8221;default&#8221; theme_builder_area=&#8221;post_content&#8221; hover_enabled=&#8221;0&#8243; sticky_enabled=&#8221;0&#8243;]<\/p>\n<p>Firmaet har i gennem mere end 25 \u00e5r serviceret gartnerier over hele landet.<\/p>\n<p>Vi har derfor en stor erfaring, med alle former for opgaver, inden for gartneriservice.<\/p>\n<ul>\n<li>Eget elektronik og automatikv\u00e6rksted<\/li>\n<li>Reparation af pumper, motorer, varmeventiler m.m.<\/li>\n<li>Fremstilling af div. reservedele.<\/li>\n<li>Udf\u00f8rer service p\u00e5 DGT-installationer.<\/li>\n<li>Stort ombytningsprogram af brugt DGT-materiel.<\/li>\n<li>Komplet lager af sliddele til gartnerieautomatik m.m.<\/li>\n<\/ul>\n<p>Gartneriernes varer er naturprodukter<br \/>produceret udelukkende af naturens pr\u00e6misser.<br \/>S\u00e5dan har det altid v\u00e6ret, og s\u00e5dan vil det v\u00e6re i femtiden.<\/p>\n<p>Drivhuse er et kunstigt opbygget milj\u00f8 for plantekulturer.<br \/>V\u00e6ksten er udelukkende betinget af, at milj\u00f8et i drivhuset er tilpasset plantens naturlige<br \/>v\u00e6rkstbetingelser i hele v\u00e6kstperioden.<\/p>\n<p>[\/et_pb_text][\/et_pb_column][et_pb_column _builder_version=&#8221;4.27.4&#8243; _module_preset=&#8221;default&#8221; type=&#8221;1_4&#8243; theme_builder_area=&#8221;post_content&#8221;][et_pb_image src=&#8221;https:\/\/elmek.dk\/wp-content\/uploads\/2025\/01\/Gartneri-service.png&#8221; _builder_version=&#8221;4.27.4&#8243; _module_preset=&#8221;default&#8221; theme_builder_area=&#8221;post_content&#8221; title_text=&#8221;Gartneri service&#8221; hover_enabled=&#8221;0&#8243; sticky_enabled=&#8221;0&#8243;][\/et_pb_image][\/et_pb_column][\/et_pb_row][\/et_pb_section]<\/p>\n","protected":false},"excerpt":{"rendered":"<p>VirksomhedsprofilFirmaet har i gennem mere end 25 \u00e5r serviceret gartnerier over hele landet. Vi har derfor en stor erfaring, med alle former for opgaver, inden for gartneriservice. Eget elektronik og automatikv\u00e6rksted Reparation af pumper, motorer, varmeventiler m.m. Fremstilling af div. reservedele. Udf\u00f8rer service p\u00e5 DGT-installationer. Stort ombytningsprogram af brugt DGT-materiel. Komplet lager af sliddele til [&hellip;]<\/p>\n","protected":false},"author":1,"featured_media":0,"parent":0,"menu_order":0,"comment_status":"closed","ping_status":"closed","template":"","meta":{"_et_pb_use_builder":"on","_et_pb_old_content":"","_et_gb_content_width":"","footnotes":""},"class_list":["post-260912","page","type-page","status-publish","hentry"],"_links":{"self":[{"href":"https:\/\/elmek.dk\/index.php?rest_route=\/wp\/v2\/pages\/260912","targetHints":{"allow":["GET"]}}],"collection":[{"href":"https:\/\/elmek.dk\/index.php?rest_route=\/wp\/v2\/pages"}],"about":[{"href":"https:\/\/elmek.dk\/index.php?rest_route=\/wp\/v2\/types\/page"}],"author":[{"embeddable":true,"href":"https:\/\/elmek.dk\/index.php?rest_route=\/wp\/v2\/users\/1"}],"replies":[{"embeddable":true,"href":"https:\/\/elmek.dk\/index.php?rest_route=%2Fwp%2Fv2%2Fcomments&post=260912"}],"version-history":[{"count":3,"href":"https:\/\/elmek.dk\/index.php?rest_route=\/wp\/v2\/pages\/260912\/revisions"}],"predecessor-version":[{"id":260918,"href":"https:\/\/elmek.dk\/index.php?rest_route=\/wp\/v2\/pages\/260912\/revisions\/260918"}],"wp:attachment":[{"href":"https:\/\/elmek.dk\/index.php?rest_route=%2Fwp%2Fv2%2Fmedia&parent=260912"}],"curies":[{"name":"wp","href":"https:\/\/api.w.org\/{rel}","templated":true}]}}